{"id":106,"date":"2023-11-16T19:14:03","date_gmt":"2023-11-16T19:14:03","guid":{"rendered":"https:\/\/imcufiden.naucalpan.gob.mx\/?page_id=106"},"modified":"2026-02-20T21:01:34","modified_gmt":"2026-02-20T21:01:34","slug":"traimtes","status":"publish","type":"page","link":"https:\/\/imcufiden.naucalpan.gob.mx\/","title":{"rendered":"Traimtes"},"content":{"rendered":"\t\t<div data-elementor-type=\"wp-page\" data-elementor-id=\"106\" class=\"elementor elementor-106\" data-elementor-post-type=\"page\">\n\t\t\t\t<div class=\"elementor-element elementor-element-daa4657 e-flex e-con-boxed e-con e-parent\" data-id=\"daa4657\" data-element_type=\"container\">\n\t\t\t\t\t<div class=\"e-con-inner\">\n\t\t\t\t<div class=\"elementor-element elementor-element-f19a87e elementor-arrows-position-inside elementor-pagination-position-outside elementor-widget elementor-widget-image-carousel\" data-id=\"f19a87e\" data-element_type=\"widget\" data-settings=\"{&quot;slides_to_show&quot;:&quot;1&quot;,&quot;navigation&quot;:&quot;both&quot;,&quot;autoplay&quot;:&quot;yes&quot;,&quot;pause_on_hover&quot;:&quot;yes&quot;,&quot;pause_on_interaction&quot;:&quot;yes&quot;,&quot;autoplay_speed&quot;:5000,&quot;infinite&quot;:&quot;yes&quot;,&quot;effect&quot;:&quot;slide&quot;,&quot;speed&quot;:500}\" data-widget_type=\"image-carousel.default\">\n\t\t\t\t<div class=\"elementor-widget-container\">\n\t\t\t\t\t\t\t<div class=\"elementor-image-carousel-wrapper swiper\" role=\"region\" aria-roledescription=\"carousel\" aria-label=\"Carrusel de im\u00e1genes\" dir=\"ltr\">\n\t\t\t<div class=\"elementor-image-carousel swiper-wrapper\" aria-live=\"off\">\n\t\t\t\t\t\t\t\t<div class=\"swiper-slide\" role=\"group\" aria-roledescription=\"slide\" aria-label=\"1 de 1\"><a data-elementor-open-lightbox=\"yes\" data-elementor-lightbox-slideshow=\"f19a87e\" data-elementor-lightbox-title=\"banner mundial\" data-e-action-hash=\"#elementor-action%3Aaction%3Dlightbox%26settings%3DeyJpZCI6NDE5LCJ1cmwiOiJodHRwczpcL1wvaW1jdWZpZGVuLm5hdWNhbHBhbi5nb2IubXhcL3dwLWNvbnRlbnRcL3VwbG9hZHNcLzIwMjZcLzAyXC9iYW5uZXItbXVuZGlhbC1zY2FsZWQucG5nIiwic2xpZGVzaG93IjoiZjE5YTg3ZSJ9\" href=\"https:\/\/mundialsocial.naucalpan.gob.mx\/\"><figure class=\"swiper-slide-inner\"><img decoding=\"async\" class=\"swiper-slide-image\" src=\"https:\/\/imcufiden.naucalpan.gob.mx\/wp-content\/uploads\/2026\/02\/banner-mundial-1024x572.png\" alt=\"banner mundial\" \/><\/figure><\/a><\/div>\t\t\t<\/div>\n\t\t\t\t\t<\/div>\n\t\t\t\t\t\t<\/div>\n\t\t\t\t<\/div>\n\t\t\t\t\t<\/div>\n\t\t\t\t<\/div>\n\t\t<div class=\"elementor-element elementor-element-631f004 e-flex e-con-boxed e-con e-parent\" data-id=\"631f004\" data-element_type=\"container\">\n\t\t\t\t\t<div class=\"e-con-inner\">\n\t\t\t\t<div class=\"elementor-element elementor-element-927cb98 elementor-widget elementor-widget-heading\" data-id=\"927cb98\" data-element_type=\"widget\" data-widget_type=\"heading.default\">\n\t\t\t\t<div class=\"elementor-widget-container\">\n\t\t\t\t\t<h2 class=\"elementor-heading-title elementor-size-default\">Tramites y Servicios<\/h2>\t\t\t\t<\/div>\n\t\t\t\t<\/div>\n\t\t\t\t\t<\/div>\n\t\t\t\t<\/div>\n\t\t<div class=\"elementor-element elementor-element-7fc7b9c e-flex e-con-boxed e-con e-parent\" data-id=\"7fc7b9c\" data-element_type=\"container\">\n\t\t\t\t\t<div class=\"e-con-inner\">\n\t\t\t\t<div class=\"elementor-element elementor-element-a7f3fa7 elementor-tabs-view-vertical elementor-widget elementor-widget-tabs\" data-id=\"a7f3fa7\" data-element_type=\"widget\" data-widget_type=\"tabs.default\">\n\t\t\t\t<div class=\"elementor-widget-container\">\n\t\t\t\t\t\t\t<div class=\"elementor-tabs\">\n\t\t\t<div class=\"elementor-tabs-wrapper\" role=\"tablist\" >\n\t\t\t\t\t\t\t\t\t<div id=\"elementor-tab-title-1761\" class=\"elementor-tab-title elementor-tab-desktop-title\" aria-selected=\"true\" data-tab=\"1\" role=\"tab\" tabindex=\"0\" aria-controls=\"elementor-tab-content-1761\" aria-expanded=\"false\">Formatos<\/div>\n\t\t\t\t\t\t\t\t\t<div id=\"elementor-tab-title-1762\" class=\"elementor-tab-title elementor-tab-desktop-title\" aria-selected=\"false\" data-tab=\"2\" role=\"tab\" tabindex=\"-1\" aria-controls=\"elementor-tab-content-1762\" aria-expanded=\"false\">Rehabilitaci\u00f3n, construcci\u00f3n, mantenimiento y colocaci\u00f3n de instalaciones deportivas p\u00fablicas.<\/div>\n\t\t\t\t\t\t\t\t\t<div id=\"elementor-tab-title-1763\" class=\"elementor-tab-title elementor-tab-desktop-title\" aria-selected=\"false\" data-tab=\"3\" role=\"tab\" tabindex=\"-1\" aria-controls=\"elementor-tab-content-1763\" aria-expanded=\"false\">Registro Municipal del Deporte<\/div>\n\t\t\t\t\t\t\t\t\t<div id=\"elementor-tab-title-1764\" class=\"elementor-tab-title elementor-tab-desktop-title\" aria-selected=\"false\" data-tab=\"4\" role=\"tab\" tabindex=\"-1\" aria-controls=\"elementor-tab-content-1764\" aria-expanded=\"false\">Apoyo con material deportivo<\/div>\n\t\t\t\t\t\t\t\t\t<div id=\"elementor-tab-title-1765\" class=\"elementor-tab-title elementor-tab-desktop-title\" aria-selected=\"false\" data-tab=\"5\" role=\"tab\" tabindex=\"-1\" aria-controls=\"elementor-tab-content-1765\" aria-expanded=\"false\"> Solicitud de actividad\u00a0deportiva<\/div>\n\t\t\t\t\t\t\t<\/div>\n\t\t\t<div class=\"elementor-tabs-content-wrapper\" role=\"tablist\" aria-orientation=\"vertical\">\n\t\t\t\t\t\t\t\t\t<div class=\"elementor-tab-title elementor-tab-mobile-title\" aria-selected=\"true\" data-tab=\"1\" role=\"tab\" tabindex=\"0\" aria-controls=\"elementor-tab-content-1761\" aria-expanded=\"false\">Formatos<\/div>\n\t\t\t\t\t<div id=\"elementor-tab-content-1761\" class=\"elementor-tab-content elementor-clearfix\" data-tab=\"1\" role=\"tabpanel\" aria-labelledby=\"elementor-tab-title-1761\" tabindex=\"0\" hidden=\"false\"><p><a href=\"https:\/\/imcufiden.naucalpan.gob.mx\/wp-content\/uploads\/2026\/02\/Ap-simplificado-Registro-y-control-de-peticiones.-1.pdf\" target=\"_blank\" rel=\"noopener\">Ap simplificado Registro y control de peticiones. <\/a><\/p><p><a href=\"https:\/\/imcufiden.naucalpan.gob.mx\/wp-content\/uploads\/2025\/09\/FORMATO-DE-ATENCION-AL-DEPORTE-1.pdf\" target=\"_blank\" rel=\"noopener\">FORMATO DE ATENCI\u00d3N AL DEPORTE<\/a><\/p><\/div>\n\t\t\t\t\t\t\t\t\t<div class=\"elementor-tab-title elementor-tab-mobile-title\" aria-selected=\"false\" data-tab=\"2\" role=\"tab\" tabindex=\"-1\" aria-controls=\"elementor-tab-content-1762\" aria-expanded=\"false\">Rehabilitaci\u00f3n, construcci\u00f3n, mantenimiento y colocaci\u00f3n de instalaciones deportivas p\u00fablicas.<\/div>\n\t\t\t\t\t<div id=\"elementor-tab-content-1762\" class=\"elementor-tab-content elementor-clearfix\" data-tab=\"2\" role=\"tabpanel\" aria-labelledby=\"elementor-tab-title-1762\" tabindex=\"0\" hidden=\"hidden\"><p><a href=\"https:\/\/imcufiden.naucalpan.gob.mx\/?page_id=22\">Iniciar Tramite<\/a><\/p><\/div>\n\t\t\t\t\t\t\t\t\t<div class=\"elementor-tab-title elementor-tab-mobile-title\" aria-selected=\"false\" data-tab=\"3\" role=\"tab\" tabindex=\"-1\" aria-controls=\"elementor-tab-content-1763\" aria-expanded=\"false\">Registro Municipal del Deporte<\/div>\n\t\t\t\t\t<div id=\"elementor-tab-content-1763\" class=\"elementor-tab-content elementor-clearfix\" data-tab=\"3\" role=\"tabpanel\" aria-labelledby=\"elementor-tab-title-1763\" tabindex=\"0\" hidden=\"hidden\"><p><a href=\"https:\/\/imcufiden.naucalpan.gob.mx\/?page_id=84\">Iniciar Tramite<\/a><\/p><\/div>\n\t\t\t\t\t\t\t\t\t<div class=\"elementor-tab-title elementor-tab-mobile-title\" aria-selected=\"false\" data-tab=\"4\" role=\"tab\" tabindex=\"-1\" aria-controls=\"elementor-tab-content-1764\" aria-expanded=\"false\">Apoyo con material deportivo<\/div>\n\t\t\t\t\t<div id=\"elementor-tab-content-1764\" class=\"elementor-tab-content elementor-clearfix\" data-tab=\"4\" role=\"tabpanel\" aria-labelledby=\"elementor-tab-title-1764\" tabindex=\"0\" hidden=\"hidden\"><p><a href=\"https:\/\/imcufiden.naucalpan.gob.mx\/?page_id=135\">Iniciar Tramite<\/a><\/p><\/div>\n\t\t\t\t\t\t\t\t\t<div class=\"elementor-tab-title elementor-tab-mobile-title\" aria-selected=\"false\" data-tab=\"5\" role=\"tab\" tabindex=\"-1\" aria-controls=\"elementor-tab-content-1765\" aria-expanded=\"false\"> Solicitud de actividad\u00a0deportiva<\/div>\n\t\t\t\t\t<div id=\"elementor-tab-content-1765\" class=\"elementor-tab-content elementor-clearfix\" data-tab=\"5\" role=\"tabpanel\" aria-labelledby=\"elementor-tab-title-1765\" tabindex=\"0\" hidden=\"hidden\"><p><a href=\"https:\/\/imcufiden.naucalpan.gob.mx\/?page_id=140\">Iniciar Tramite<\/a><\/p><\/div>\n\t\t\t\t\t\t\t<\/div>\n\t\t<\/div>\n\t\t\t\t\t\t<\/div>\n\t\t\t\t<\/div>\n\t\t\t\t\t<\/div>\n\t\t\t\t<\/div>\n\t\t\t\t<\/div>\n\t\t","protected":false},"excerpt":{"rendered":"<p>Tramites y Servicios Formatos Rehabilitaci\u00f3n, construcci\u00f3n, mantenimiento y colocaci\u00f3n de instalaciones deportivas p\u00fablicas. Registro Municipal del Deporte Apoyo con material deportivo Solicitud de actividad\u00a0deportiva Formatos Ap simplificado Registro y control de peticiones. FORMATO DE ATENCI\u00d3N AL DEPORTE Rehabilitaci\u00f3n, construcci\u00f3n, mantenimiento y colocaci\u00f3n de instalaciones deportivas p\u00fablicas. Iniciar Tramite Registro Municipal del Deporte Iniciar Tramite Apoyo [&hellip;]<\/p>\n","protected":false},"author":2,"featured_media":0,"parent":0,"menu_order":0,"comment_status":"closed","ping_status":"closed","template":"","meta":{"footnotes":""},"class_list":["post-106","page","type-page","status-publish","hentry"],"_links":{"self":[{"href":"https:\/\/imcufiden.naucalpan.gob.mx\/index.php?rest_route=\/wp\/v2\/pages\/106","targetHints":{"allow":["GET"]}}],"collection":[{"href":"https:\/\/imcufiden.naucalpan.gob.mx\/index.php?rest_route=\/wp\/v2\/pages"}],"about":[{"href":"https:\/\/imcufiden.naucalpan.gob.mx\/index.php?rest_route=\/wp\/v2\/types\/page"}],"author":[{"embeddable":true,"href":"https:\/\/imcufiden.naucalpan.gob.mx\/index.php?rest_route=\/wp\/v2\/users\/2"}],"replies":[{"embeddable":true,"href":"https:\/\/imcufiden.naucalpan.gob.mx\/index.php?rest_route=%2Fwp%2Fv2%2Fcomments&post=106"}],"version-history":[{"count":46,"href":"https:\/\/imcufiden.naucalpan.gob.mx\/index.php?rest_route=\/wp\/v2\/pages\/106\/revisions"}],"predecessor-version":[{"id":513,"href":"https:\/\/imcufiden.naucalpan.gob.mx\/index.php?rest_route=\/wp\/v2\/pages\/106\/revisions\/513"}],"wp:attachment":[{"href":"https:\/\/imcufiden.naucalpan.gob.mx\/index.php?rest_route=%2Fwp%2Fv2%2Fmedia&parent=106"}],"curies":[{"name":"wp","href":"https:\/\/api.w.org\/{rel}","templated":true}]}}